{"id":426,"date":"2025-11-24T18:36:58","date_gmt":"2025-11-24T17:36:58","guid":{"rendered":"https:\/\/medko.clouditio.de\/?page_id=2"},"modified":"2026-02-26T20:14:50","modified_gmt":"2026-02-26T19:14:50","slug":"ueber-uns","status":"publish","type":"page","link":"https:\/\/medko.de\/es\/ueber-uns\/","title":{"rendered":"Sobre de nosotros"},"content":{"rendered":"\n<p>Informaci\u00f3n sobre la empresa<\/p>\n\n\n\n<div class=\"wp-block-group is-nowrap is-layout-flex wp-container-core-group-is-layout-6c531013 wp-block-group-is-layout-flex\">\n<p>MEDko fue fundada en 2009 por Steffen Meder. Sus m\u00e1s de 20 a\u00f1os de experiencia en radiolog\u00eda le llevaron a tomar la decisi\u00f3n de crear su propia empresa.<\/p>\n\n\n\n<figure class=\"wp-block-gallery has-nested-images columns-default is-cropped wp-block-gallery-2 is-layout-flex wp-block-gallery-is-layout-flex\">\n<figure class=\"wp-block-image size-large is-style-rounded is-style-rounded--1\"><img loading=\"lazy\" decoding=\"async\" width=\"1024\" height=\"768\" data-id=\"421\" src=\"https:\/\/medko.de\/es\/wp-content\/uploads\/sites\/2\/2026\/02\/017-scaled-1-1024x768.jpg\" alt=\"\" class=\"wp-image-421\" srcset=\"https:\/\/medko.de\/es\/wp-content\/uploads\/sites\/2\/2026\/02\/017-scaled-1-1024x768.jpg 1024w, https:\/\/medko.de\/es\/wp-content\/uploads\/sites\/2\/2026\/02\/017-scaled-1-300x225.jpg 300w, https:\/\/medko.de\/es\/wp-content\/uploads\/sites\/2\/2026\/02\/017-scaled-1-768x576.jpg 768w, https:\/\/medko.de\/es\/wp-content\/uploads\/sites\/2\/2026\/02\/017-scaled-1-1536x1152.jpg 1536w, https:\/\/medko.de\/es\/wp-content\/uploads\/sites\/2\/2026\/02\/017-scaled-1-2048x1536.jpg 2048w\" sizes=\"auto, (max-width: 1024px) 100vw, 1024px\" \/><\/figure>\n<\/figure>\n<\/div>\n\n\n\n<div style=\"height:70px\" aria-hidden=\"true\" class=\"wp-block-spacer\"><\/div>\n\n\n\n<blockquote class=\"wp-block-quote has-background is-layout-flow wp-block-quote-is-layout-flow\" style=\"background-color:#dce0e6\">\n<p class=\"has-background has-body-font-family\" style=\"background-color:#dce0e6;font-style:normal;font-weight:400\">MEDko no es solo un distribuidor de tecnolog\u00eda m\u00e9dica. A trav\u00e9s de empresas asociadas especializadas, ofrecemos servicios cualificados relacionados con los sistemas radiol\u00f3gicos. Nuestro \u00e9xito se basa en un m\u00e9todo de trabajo minucioso con el objetivo de lograr el mejor resultado para nuestros clientes.<\/p>\n<\/blockquote>\n\n\n\n<div class=\"wp-block-group is-nowrap is-layout-flex wp-container-core-group-is-layout-6c531013 wp-block-group-is-layout-flex\">\n<blockquote class=\"wp-block-quote has-background is-layout-flow wp-block-quote-is-layout-flow\" style=\"background-color:#dce0e6\">\n<p class=\"has-body-font-family\" style=\"font-style:normal;font-weight:400\">Servicios<\/p>\n\n\n\n<ul class=\"wp-block-list\">\n<li class=\"has-body-font-family\" style=\"font-style:normal;font-weight:400\">Soluciones competentes para la adquisici\u00f3n de grandes equipos radiol\u00f3gicos.<\/li>\n\n\n\n<li class=\"has-body-font-family\" style=\"font-style:normal;font-weight:400\">Transporte, instalaci\u00f3n, montaje y puesta en marcha.<\/li>\n\n\n\n<li class=\"has-body-font-family\" style=\"font-style:normal;font-weight:400\">Servicios para determinados tipos de dispositivos.<\/li>\n\n\n\n<li class=\"has-body-font-family\" style=\"font-style:normal;font-weight:400\">Instalaci\u00f3n de dispositivos m\u00f3viles para cubrir el tiempo de inactividad durante la instalaci\u00f3n.<\/li>\n\n\n\n<li class=\"has-body-font-family\" style=\"font-style:normal;font-weight:400\">Alquiler de equipos m\u00f3viles de rayos X y amplificadores de imagen quir\u00fargicos.<\/li>\n<\/ul>\n<\/blockquote>\n<\/div>\n\n\n\n<p><\/p>\n","protected":false},"excerpt":{"rendered":"<p>Informaci\u00f3n sobre la empresa MEDko fue fundada en 2009 por Steffen Meder. Sus m\u00e1s de 20 a\u00f1os de experiencia en radiolog\u00eda le llevaron a tomar la decisi\u00f3n de crear su propia empresa. MEDko no es solo un distribuidor de tecnolog\u00eda m\u00e9dica. A trav\u00e9s de empresas asociadas especializadas, ofrecemos servicios cualificados relacionados con los sistemas radiol\u00f3gicos. [&hellip;]<\/p>\n","protected":false},"author":1,"featured_media":0,"parent":0,"menu_order":0,"comment_status":"closed","ping_status":"closed","template":"","meta":{"pgc_sgb_lightbox_settings":"","footnotes":""},"class_list":["post-426","page","type-page","status-publish","hentry"],"_links":{"self":[{"href":"https:\/\/medko.de\/es\/wp-json\/wp\/v2\/pages\/426","targetHints":{"allow":["GET"]}}],"collection":[{"href":"https:\/\/medko.de\/es\/wp-json\/wp\/v2\/pages"}],"about":[{"href":"https:\/\/medko.de\/es\/wp-json\/wp\/v2\/types\/page"}],"author":[{"embeddable":true,"href":"https:\/\/medko.de\/es\/wp-json\/wp\/v2\/users\/1"}],"replies":[{"embeddable":true,"href":"https:\/\/medko.de\/es\/wp-json\/wp\/v2\/comments?post=426"}],"version-history":[{"count":8,"href":"https:\/\/medko.de\/es\/wp-json\/wp\/v2\/pages\/426\/revisions"}],"predecessor-version":[{"id":669,"href":"https:\/\/medko.de\/es\/wp-json\/wp\/v2\/pages\/426\/revisions\/669"}],"wp:attachment":[{"href":"https:\/\/medko.de\/es\/wp-json\/wp\/v2\/media?parent=426"}],"curies":[{"name":"wp","href":"https:\/\/api.w.org\/{rel}","templated":true}]}}