{"id":3,"date":"2025-11-24T18:36:58","date_gmt":"2025-11-24T17:36:58","guid":{"rendered":"https:\/\/medko.clouditio.de\/?page_id=3"},"modified":"2026-02-16T18:37:04","modified_gmt":"2026-02-16T17:37:04","slug":"datenschutzerklaerung","status":"publish","type":"page","link":"https:\/\/medko.de\/es\/datenschutzerklaerung\/","title":{"rendered":"Pol\u00edtica de privacidad"},"content":{"rendered":"\n<div class=\"wp-block-group justified hyphenate has-global-padding is-layout-constrained wp-block-group-is-layout-constrained\">\n<h2 class=\"wp-block-heading\">Qui\u00e9nes somos<\/h2>\n\n\n\n<p>La direcci\u00f3n de nuestro sitio web es: https:\/\/medko.de\/es\/.<\/p>\n\n\n\n<h2 class=\"wp-block-heading\">Cookies<\/h2>\n\n\n\n<p>Para gestionar las cookies y tecnolog\u00edas similares utilizadas (p\u00edxeles de seguimiento, balizas web, etc.) y los consentimientos correspondientes, utilizamos la herramienta de consentimiento \u00abReal Cookie Banner\u00bb. Encontrar\u00e1s m\u00e1s detalles sobre el funcionamiento de \u00abReal Cookie Banner\u00bb en https:\/\/devowl.io\/de\/rcb\/datenverarbeitung\/.<\/p>\n\n\n\n<p>Las bases legales para el tratamiento de datos personales en este contexto son el art\u00edculo 6, apartado 1, letra c) del RGPD y el art\u00edculo 6, apartado 1, letra f) del RGPD. Nuestro inter\u00e9s leg\u00edtimo es la gesti\u00f3n de las cookies y tecnolog\u00edas similares utilizadas, as\u00ed como de los consentimientos correspondientes.<\/p>\n\n\n\n<p>El suministro de datos personales no es obligatorio por contrato ni necesario para la celebraci\u00f3n de un contrato. No est\u00e1s obligado a proporcionar datos personales. Si no proporcionas los datos personales, no podremos gestionar tus consentimientos.<\/p>\n\n\n\n<h2 class=\"wp-block-heading\">Contenido incrustado de otros sitios web<\/h2>\n\n\n\n<p>Las publicaciones de este sitio web pueden contener contenidos incrustados (por ejemplo, v\u00eddeos, im\u00e1genes, publicaciones, etc.). Los contenidos incrustados de otros sitios web se comportan exactamente como si el visitante hubiera visitado el otro sitio web.<\/p>\n\n\n\n<p>Estos sitios web pueden recopilar datos sobre ti, utilizar cookies, incorporar servicios de seguimiento adicionales de terceros y registrar tu interacci\u00f3n con este contenido incorporado, incluida tu interacci\u00f3n con el contenido incorporado, si tienes una cuenta y has iniciado sesi\u00f3n en este sitio web.<\/p>\n\n\n\n<h2 class=\"wp-block-heading\">Cu\u00e1nto tiempo almacenamos tus datos<\/h2>\n\n\n\n<p>Cuando escribes un comentario, este se almacena junto con los metadatos sin l\u00edmite de tiempo. De esta forma, podemos reconocer y publicar autom\u00e1ticamente los comentarios posteriores, en lugar de retenerlos en una cola de moderaci\u00f3n.<\/p>\n\n\n\n<p>Para los usuarios que se registran en nuestro sitio web, almacenamos adicionalmente la informaci\u00f3n personal que proporcionan en sus perfiles de usuario. Todos los usuarios pueden ver, modificar o eliminar su informaci\u00f3n personal en cualquier momento (el nombre de usuario no se puede modificar). Los administradores del sitio web tambi\u00e9n pueden ver y modificar esta informaci\u00f3n.<\/p>\n\n\n\n<h2 class=\"wp-block-heading\">\u00bfQu\u00e9 derechos tienes sobre tus datos?<\/h2>\n\n\n\n<p>Si tienes una cuenta en este sitio web o has escrito comentarios, puedes solicitarnos una exportaci\u00f3n de tus datos personales, incluyendo todos los datos que nos hayas facilitado. Adem\u00e1s, puedes solicitar la eliminaci\u00f3n de todos los datos personales que tengamos almacenados sobre ti. Esto no incluye los datos que debemos conservar por motivos administrativos, legales o de seguridad.<\/p>\n\n\n\n<h2 class=\"wp-block-heading\">A d\u00f3nde se env\u00edan tus datos<\/h2>\n\n\n\n<p>Los comentarios de los visitantes podr\u00edan ser examinados por un servicio automatizado de detecci\u00f3n de spam.<\/p>\n<\/div>\n\n\n\n<p><\/p>\n","protected":false},"excerpt":{"rendered":"<p>Qui\u00e9nes somos La direcci\u00f3n de nuestro sitio web es: https:\/\/medko.de\/es\/. Cookies Para gestionar las cookies y tecnolog\u00edas similares utilizadas (p\u00edxeles de seguimiento, balizas web, etc.) y los consentimientos correspondientes, utilizamos la herramienta de consentimiento \u00abReal Cookie Banner\u00bb. Encontrar\u00e1s m\u00e1s detalles sobre el funcionamiento de \u00abReal Cookie Banner\u00bb en https:\/\/devowl.io\/de\/rcb\/datenverarbeitung\/. Las bases legales para el tratamiento [&hellip;]<\/p>\n","protected":false},"author":1,"featured_media":0,"parent":0,"menu_order":0,"comment_status":"closed","ping_status":"open","template":"","meta":{"pgc_sgb_lightbox_settings":"","footnotes":""},"class_list":["post-3","page","type-page","status-publish","hentry"],"_links":{"self":[{"href":"https:\/\/medko.de\/es\/wp-json\/wp\/v2\/pages\/3","targetHints":{"allow":["GET"]}}],"collection":[{"href":"https:\/\/medko.de\/es\/wp-json\/wp\/v2\/pages"}],"about":[{"href":"https:\/\/medko.de\/es\/wp-json\/wp\/v2\/types\/page"}],"author":[{"embeddable":true,"href":"https:\/\/medko.de\/es\/wp-json\/wp\/v2\/users\/1"}],"replies":[{"embeddable":true,"href":"https:\/\/medko.de\/es\/wp-json\/wp\/v2\/comments?post=3"}],"version-history":[{"count":1,"href":"https:\/\/medko.de\/es\/wp-json\/wp\/v2\/pages\/3\/revisions"}],"predecessor-version":[{"id":611,"href":"https:\/\/medko.de\/es\/wp-json\/wp\/v2\/pages\/3\/revisions\/611"}],"wp:attachment":[{"href":"https:\/\/medko.de\/es\/wp-json\/wp\/v2\/media?parent=3"}],"curies":[{"name":"wp","href":"https:\/\/api.w.org\/{rel}","templated":true}]}}