{"id":122,"date":"2025-12-04T14:55:11","date_gmt":"2025-12-04T13:55:11","guid":{"rendered":"https:\/\/medko.clouditio.de\/?page_id=122"},"modified":"2026-02-16T18:32:32","modified_gmt":"2026-02-16T17:32:32","slug":"impressum","status":"publish","type":"page","link":"https:\/\/medko.de\/es\/impressum\/","title":{"rendered":"Aviso legal"},"content":{"rendered":"\n<p>MEDko Medizintechnik<br>Dipl.-Kfm. Steffen Meder e.K.<br>Albrecht-Thaer-Ring 8<br>30938 Burgwedel<br>eMail:&nbsp;<a href=\"mailto:info@medko.de\">info@medko.de<\/a><\/p>\n\n\n\n<p><strong>Representado por:<\/strong><br>Steffen Meder<\/p>\n\n\n\n<p><strong>Inscripci\u00f3n en el registro:<\/strong><br>Inscripci\u00f3n en el Registro Mercantil.<br>Registergericht: Hannover<br>Registernummer: HRA 202571<\/p>\n\n\n\n<p><strong>Umsatzsteuer-ID:<\/strong><br>Umsatzsteuer-Identifikationsnummer gem\u00e4\u00df \u00a727 a<br>Umsatzsteuergesetz:<br>DE263691283<\/p>\n\n\n\n<hr class=\"wp-block-separator has-alpha-channel-opacity\"\/>\n\n\n\n<h3 class=\"wp-block-heading\"><strong>Exenci\u00f3n de responsabilidad (Descargo de responsabilidad)<\/strong><\/h3>\n\n\n\n<div class=\"wp-block-group justified hyphenate has-global-padding is-layout-constrained wp-block-group-is-layout-constrained\">\n<p><strong>Responsabilidad por los contenidos<\/strong><\/p>\n\n\n\n<p>Como proveedor de servicios, somos responsables de los contenidos propios de estas p\u00e1ginas seg\u00fan las leyes generales, de conformidad con el art\u00edculo 7, apartado 1, de la Ley alemana de servicios de telecomunicaci\u00f3n (TMG). Sin embargo, seg\u00fan los art\u00edculos 8 a 10 de la TMG, como proveedor de servicios no estamos obligados a supervisar la informaci\u00f3n transmitida o almacenada por terceros ni a investigar circunstancias que indiquen una actividad ilegal. Las obligaciones de eliminar o bloquear el uso de la informaci\u00f3n de acuerdo con las leyes generales no se ven afectadas por ello. Sin embargo, la responsabilidad al respecto solo es posible a partir del momento en que se tiene conocimiento de una infracci\u00f3n concreta. Si tenemos conocimiento de tales infracciones, eliminaremos inmediatamente dichos contenidos.<\/p>\n\n\n\n<p><strong>Responsabilidad por los enlaces<\/strong><\/p>\n\n\n\n<p>Nuestra oferta contiene enlaces a p\u00e1ginas web externas de terceros sobre cuyo contenido no tenemos influencia. Por lo tanto, no podemos asumir ninguna responsabilidad por estos contenidos externos. El proveedor u operador de las p\u00e1ginas enlazadas es siempre responsable de su contenido. Las p\u00e1ginas enlazadas fueron revisadas en el momento de la vinculaci\u00f3n para detectar posibles infracciones legales. No se detectaron contenidos ilegales en el momento de la vinculaci\u00f3n. Sin embargo, no es razonable realizar un control permanente del contenido de las p\u00e1ginas enlazadas sin indicios concretos de una infracci\u00f3n legal. Si tenemos conocimiento de infracciones legales, eliminaremos dichos enlaces inmediatamente.<\/p>\n\n\n\n<p><strong>Derechos de autor<\/strong><\/p>\n\n\n\n<p>Los contenidos y obras creados por los operadores del sitio web en estas p\u00e1ginas est\u00e1n sujetos a la legislaci\u00f3n alemana en materia de derechos de autor. La reproducci\u00f3n, edici\u00f3n, distribuci\u00f3n y cualquier tipo de uso fuera de los l\u00edmites de los derechos de autor requieren el consentimiento por escrito del autor o creador correspondiente. Las descargas y copias de esta p\u00e1gina solo est\u00e1n permitidas para uso privado y no comercial. En la medida en que los contenidos de esta p\u00e1gina no hayan sido creados por el operador, se respetar\u00e1n los derechos de autor de terceros. En particular, los contenidos de terceros se identificar\u00e1n como tales. No obstante, si detecta alguna infracci\u00f3n de los derechos de autor, le rogamos que nos lo comunique. Tan pronto como tengamos conocimiento de cualquier infracci\u00f3n, eliminaremos dichos contenidos inmediatamente.<\/p>\n<\/div>\n","protected":false},"excerpt":{"rendered":"<p>MEDko MedizintechnikDipl.-Kfm. Steffen Meder e.K.Albrecht-Thaer-Ring 830938 BurgwedeleMail:&nbsp;info@medko.de Representado por:Steffen Meder Inscripci\u00f3n en el registro:Inscripci\u00f3n en el Registro Mercantil.Registergericht: HannoverRegisternummer: HRA 202571 Umsatzsteuer-ID:Umsatzsteuer-Identifikationsnummer gem\u00e4\u00df \u00a727 aUmsatzsteuergesetz:DE263691283 Exenci\u00f3n de responsabilidad (Descargo de responsabilidad) Responsabilidad por los contenidos Como proveedor de servicios, somos responsables de los contenidos propios de estas p\u00e1ginas seg\u00fan las leyes generales, de conformidad con [&hellip;]<\/p>\n","protected":false},"author":1,"featured_media":0,"parent":0,"menu_order":0,"comment_status":"closed","ping_status":"closed","template":"","meta":{"pgc_sgb_lightbox_settings":"","footnotes":""},"class_list":["post-122","page","type-page","status-publish","hentry"],"_links":{"self":[{"href":"https:\/\/medko.de\/es\/wp-json\/wp\/v2\/pages\/122","targetHints":{"allow":["GET"]}}],"collection":[{"href":"https:\/\/medko.de\/es\/wp-json\/wp\/v2\/pages"}],"about":[{"href":"https:\/\/medko.de\/es\/wp-json\/wp\/v2\/types\/page"}],"author":[{"embeddable":true,"href":"https:\/\/medko.de\/es\/wp-json\/wp\/v2\/users\/1"}],"replies":[{"embeddable":true,"href":"https:\/\/medko.de\/es\/wp-json\/wp\/v2\/comments?post=122"}],"version-history":[{"count":1,"href":"https:\/\/medko.de\/es\/wp-json\/wp\/v2\/pages\/122\/revisions"}],"predecessor-version":[{"id":609,"href":"https:\/\/medko.de\/es\/wp-json\/wp\/v2\/pages\/122\/revisions\/609"}],"wp:attachment":[{"href":"https:\/\/medko.de\/es\/wp-json\/wp\/v2\/media?parent=122"}],"curies":[{"name":"wp","href":"https:\/\/api.w.org\/{rel}","templated":true}]}}